{"id":7,"date":"2024-04-09T06:36:51","date_gmt":"2024-04-09T06:36:51","guid":{"rendered":"https:\/\/dejavu-fuer-baerenherz.de\/?page_id=7"},"modified":"2024-04-09T10:02:44","modified_gmt":"2024-04-09T10:02:44","slug":"startseite","status":"publish","type":"page","link":"https:\/\/dejavu-fuer-baerenherz.de\/","title":{"rendered":"Startseite"},"content":{"rendered":"\t\t<div data-elementor-type=\"wp-page\" data-elementor-id=\"7\" class=\"elementor elementor-7\">\n\t\t\t\t<div class=\"elementor-element elementor-element-7c528d1 e-flex e-con-boxed e-con e-parent\" data-id=\"7c528d1\" data-element_type=\"container\" data-e-type=\"container\">\n\t\t\t\t\t<div class=\"e-con-inner\">\n\t\t\t\t<div class=\"elementor-element elementor-element-2cc650a elementor-widget elementor-widget-spacer\" data-id=\"2cc650a\" data-element_type=\"widget\" data-e-type=\"widget\" data-widget_type=\"spacer.default\">\n\t\t\t\t<div class=\"elementor-widget-container\">\n\t\t\t\t\t\t\t<div class=\"elementor-spacer\">\n\t\t\t<div class=\"elementor-spacer-inner\"><\/div>\n\t\t<\/div>\n\t\t\t\t\t\t<\/div>\n\t\t\t\t<\/div>\n\t\t\t\t\t<\/div>\n\t\t\t\t<\/div>\n\t\t<div class=\"elementor-element elementor-element-88fc1ae e-flex e-con-boxed e-con e-parent\" data-id=\"88fc1ae\" data-element_type=\"container\" data-e-type=\"container\">\n\t\t\t\t\t<div class=\"e-con-inner\">\n\t\t\t\t<div class=\"elementor-element elementor-element-a33334f elementor-widget elementor-widget-image\" data-id=\"a33334f\" data-element_type=\"widget\" data-e-type=\"widget\" data-widget_type=\"image.default\">\n\t\t\t\t<div class=\"elementor-widget-container\">\n\t\t\t\t\t\t\t\t\t\t\t\t\t\t\t<img fetchpriority=\"high\" decoding=\"async\" width=\"300\" height=\"290\" src=\"https:\/\/dejavu-fuer-baerenherz.de\/wp-content\/uploads\/2024\/04\/Logo-mehr-Durchsichtig-Test-300x290.png\" class=\"attachment-medium size-medium wp-image-11\" alt=\"\" srcset=\"https:\/\/dejavu-fuer-baerenherz.de\/wp-content\/uploads\/2024\/04\/Logo-mehr-Durchsichtig-Test-300x290.png 300w, https:\/\/dejavu-fuer-baerenherz.de\/wp-content\/uploads\/2024\/04\/Logo-mehr-Durchsichtig-Test-1024x991.png 1024w, https:\/\/dejavu-fuer-baerenherz.de\/wp-content\/uploads\/2024\/04\/Logo-mehr-Durchsichtig-Test-768x743.png 768w, https:\/\/dejavu-fuer-baerenherz.de\/wp-content\/uploads\/2024\/04\/Logo-mehr-Durchsichtig-Test-1536x1486.png 1536w, https:\/\/dejavu-fuer-baerenherz.de\/wp-content\/uploads\/2024\/04\/Logo-mehr-Durchsichtig-Test-2048x1982.png 2048w\" sizes=\"(max-width: 300px) 100vw, 300px\" \/>\t\t\t\t\t\t\t\t\t\t\t\t\t\t\t<\/div>\n\t\t\t\t<\/div>\n\t\t\t\t\t<\/div>\n\t\t\t\t<\/div>\n\t\t<div class=\"elementor-element elementor-element-8e28b5f e-flex e-con-boxed e-con e-parent\" data-id=\"8e28b5f\" data-element_type=\"container\" data-e-type=\"container\">\n\t\t\t\t\t<div class=\"e-con-inner\">\n\t\t\t\t<div class=\"elementor-element elementor-element-7337ce1 elementor-widget elementor-widget-heading\" data-id=\"7337ce1\" data-element_type=\"widget\" data-e-type=\"widget\" data-widget_type=\"heading.default\">\n\t\t\t\t<div class=\"elementor-widget-container\">\n\t\t\t\t\t<h1 class=\"elementor-heading-title elementor-size-default\">Dejavu spielt f\u00fcr B\u00e4renherz<\/h1>\t\t\t\t<\/div>\n\t\t\t\t<\/div>\n\t\t\t\t\t<\/div>\n\t\t\t\t<\/div>\n\t\t<div class=\"elementor-element elementor-element-32df339 e-flex e-con-boxed e-con e-parent\" data-id=\"32df339\" data-element_type=\"container\" data-e-type=\"container\">\n\t\t\t\t\t<div class=\"e-con-inner\">\n\t\t\t\t<div class=\"elementor-element elementor-element-77b3f5c elementor-invisible elementor-widget elementor-widget-heading\" data-id=\"77b3f5c\" data-element_type=\"widget\" data-e-type=\"widget\" data-settings=\"{&quot;_animation&quot;:&quot;fadeIn&quot;,&quot;_animation_delay&quot;:1000}\" data-widget_type=\"heading.default\">\n\t\t\t\t<div class=\"elementor-widget-container\">\n\t\t\t\t\t<h3 class=\"elementor-heading-title elementor-size-default\">DAS N\u00c4CHSTE MAL 2025<\/h3>\t\t\t\t<\/div>\n\t\t\t\t<\/div>\n\t\t\t\t\t<\/div>\n\t\t\t\t<\/div>\n\t\t<div class=\"elementor-element elementor-element-30700a1 e-flex e-con-boxed e-con e-parent\" data-id=\"30700a1\" data-element_type=\"container\" data-e-type=\"container\">\n\t\t\t\t\t<div class=\"e-con-inner\">\n\t\t\t\t\t<\/div>\n\t\t\t\t<\/div>\n\t\t\t\t<\/div>\n\t\t","protected":false},"excerpt":{"rendered":"<p>Dejavu spielt f\u00fcr B\u00e4renherz DAS N\u00c4CHSTE MAL 2025<\/p>\n","protected":false},"author":1,"featured_media":0,"parent":0,"menu_order":0,"comment_status":"closed","ping_status":"closed","template":"elementor_canvas","meta":{"footnotes":""},"class_list":["post-7","page","type-page","status-publish","hentry"],"_links":{"self":[{"href":"https:\/\/dejavu-fuer-baerenherz.de\/index.php?rest_route=\/wp\/v2\/pages\/7","targetHints":{"allow":["GET"]}}],"collection":[{"href":"https:\/\/dejavu-fuer-baerenherz.de\/index.php?rest_route=\/wp\/v2\/pages"}],"about":[{"href":"https:\/\/dejavu-fuer-baerenherz.de\/index.php?rest_route=\/wp\/v2\/types\/page"}],"author":[{"embeddable":true,"href":"https:\/\/dejavu-fuer-baerenherz.de\/index.php?rest_route=\/wp\/v2\/users\/1"}],"replies":[{"embeddable":true,"href":"https:\/\/dejavu-fuer-baerenherz.de\/index.php?rest_route=%2Fwp%2Fv2%2Fcomments&post=7"}],"version-history":[{"count":14,"href":"https:\/\/dejavu-fuer-baerenherz.de\/index.php?rest_route=\/wp\/v2\/pages\/7\/revisions"}],"predecessor-version":[{"id":27,"href":"https:\/\/dejavu-fuer-baerenherz.de\/index.php?rest_route=\/wp\/v2\/pages\/7\/revisions\/27"}],"wp:attachment":[{"href":"https:\/\/dejavu-fuer-baerenherz.de\/index.php?rest_route=%2Fwp%2Fv2%2Fmedia&parent=7"}],"curies":[{"name":"wp","href":"https:\/\/api.w.org\/{rel}","templated":true}]}}